{"id":292,"date":"2022-10-18T15:25:13","date_gmt":"2022-10-18T19:25:13","guid":{"rendered":"https:\/\/elationtech.ca\/?page_id=292"},"modified":"2026-01-03T15:42:40","modified_gmt":"2026-01-03T20:42:40","slug":"faq","status":"publish","type":"page","link":"https:\/\/elationtech.ca\/fr\/faq\/","title":{"rendered":"FAQ"},"content":{"rendered":"<div data-elementor-type=\"wp-page\" data-elementor-id=\"292\" class=\"elementor elementor-292\" data-elementor-post-type=\"page\">\n\t\t\t\t\t\t<section class=\"ob-is-breaking-bad elementor-section elementor-top-section elementor-element elementor-element-105c5457 elementor-section-content-middle elementor-section-boxed elementor-section-height-default elementor-section-height-default\" data-id=\"105c5457\" data-element_type=\"section\" data-e-type=\"section\" data-settings=\"{&quot;_ob_bbad_use_it&quot;:&quot;yes&quot;,&quot;_ob_bbad_sssic_use&quot;:&quot;no&quot;,&quot;_ob_glider_is_slider&quot;:&quot;no&quot;}\">\n\t\t\t\t\t\t<div class=\"elementor-container elementor-column-gap-no\">\n\t\t\t\t\t<div class=\"elementor-column elementor-col-100 elementor-top-column elementor-element elementor-element-4dadc068\" data-id=\"4dadc068\" data-element_type=\"column\" data-e-type=\"column\" data-settings=\"{&quot;_ob_bbad_is_stalker&quot;:&quot;no&quot;,&quot;_ob_teleporter_use&quot;:false,&quot;_ob_column_hoveranimator&quot;:&quot;no&quot;,&quot;_ob_column_has_pseudo&quot;:&quot;no&quot;}\">\n\t\t\t<div class=\"elementor-widget-wrap elementor-element-populated\">\n\t\t\t\t\t\t<div class=\"elementor-element elementor-element-5ec95b54 ob-harakiri-inherit ob-has-background-overlay elementor-widget elementor-widget-heading\" data-id=\"5ec95b54\" data-element_type=\"widget\" data-e-type=\"widget\" data-settings=\"{&quot;_ob_use_harakiri&quot;:&quot;yes&quot;,&quot;_ob_harakiri_writing_mode&quot;:&quot;inherit&quot;,&quot;_ob_harakiri_text_clip&quot;:&quot;none&quot;,&quot;_ob_perspektive_use&quot;:&quot;no&quot;,&quot;_ob_poopart_use&quot;:&quot;yes&quot;,&quot;_ob_shadough_use&quot;:&quot;no&quot;,&quot;_ob_allow_hoveranimator&quot;:&quot;no&quot;,&quot;_ob_widget_stalker_use&quot;:&quot;no&quot;}\" data-widget_type=\"heading.default\">\n\t\t\t\t<div class=\"elementor-widget-container\">\n\t\t\t\t\t<h2 class=\"elementor-heading-title elementor-size-default\">Frequently Asked Questions<\/h2>\t\t\t\t<\/div>\n\t\t\t\t<\/div>\n\t\t\t\t<div class=\"elementor-element elementor-element-47bc16f ob-has-background-overlay elementor-widget elementor-widget-eael-adv-accordion\" data-id=\"47bc16f\" data-element_type=\"widget\" data-e-type=\"widget\" data-settings=\"{&quot;_ob_perspektive_use&quot;:&quot;no&quot;,&quot;_ob_poopart_use&quot;:&quot;yes&quot;,&quot;_ob_shadough_use&quot;:&quot;no&quot;,&quot;_ob_allow_hoveranimator&quot;:&quot;no&quot;,&quot;_ob_widget_stalker_use&quot;:&quot;no&quot;}\" data-widget_type=\"eael-adv-accordion.default\">\n\t\t\t\t<div class=\"elementor-widget-container\">\n\t\t\t\t\t            <div class=\"eael-adv-accordion\" id=\"eael-adv-accordion-47bc16f\" data-scroll-on-click=\"no\" data-scroll-speed=\"300\" data-accordion-id=\"47bc16f\" data-accordion-type=\"toggle\" data-toogle-speed=\"2\">\n            <div class=\"eael-accordion-list\">\n\t\t\t\t\t<div id=\"what-is-a-machine-control-system\" class=\"elementor-tab-title eael-accordion-header\" tabindex=\"0\" data-tab=\"1\" aria-controls=\"elementor-tab-content-7521\"><span class=\"eael-advanced-accordion-icon-closed\"><i aria-hidden=\"true\" class=\"fa-accordion-icon fas fa-plus\"><\/i><\/span><span class=\"eael-advanced-accordion-icon-opened\"><i aria-hidden=\"true\" class=\"fa-accordion-icon fas fa-minus\"><\/i><\/span><p class=\"eael-accordion-tab-title\">QU'EST-CE QU'UN SYST\u00c8ME DE CONTR\u00d4LE DE MACHINE\u00a0?<\/p><\/div><div id=\"elementor-tab-content-7521\" class=\"eael-accordion-content clearfix\" data-tab=\"1\" aria-labelledby=\"what-is-a-machine-control-system\"><p><em><span>La commande de machine 3D est l'avenir de l'industrie de la construction.\u00a0<\/span><\/em><\/p><p><em><span>Un syst\u00e8me de contr\u00f4le de machine est un outil pour les machines de construction g\u00e9r\u00e9es par un mod\u00e8le 3D, garantissant un processus de travail efficace en \u00e9vitant les remaniements suppl\u00e9mentaires.\u00a0<\/span><\/em><\/p><p><em><span>Le g\u00e9om\u00e8tre peut faire un dessin 3D pour le contr\u00f4le de la machine avec des donn\u00e9es pr\u00e9cises afin que vous puissiez \u00e9conomiser une main-d'\u0153uvre suppl\u00e9mentaire. L'ensemble du processus de travail sera automatiquement document\u00e9, garantissant ainsi la qualit\u00e9.\u00a0<\/span><\/em><\/p><\/div>\n\t\t\t\t\t<\/div><div class=\"eael-accordion-list\">\n\t\t\t\t\t<div id=\"what-can-a-3d-machine-control-system-do-for-me-and-my-job\" class=\"elementor-tab-title eael-accordion-header\" tabindex=\"0\" data-tab=\"2\" aria-controls=\"elementor-tab-content-7522\"><span class=\"eael-advanced-accordion-icon-closed\"><i aria-hidden=\"true\" class=\"fa-accordion-icon fas fa-plus\"><\/i><\/span><span class=\"eael-advanced-accordion-icon-opened\"><i aria-hidden=\"true\" class=\"fa-accordion-icon fas fa-minus\"><\/i><\/span><p class=\"eael-accordion-tab-title\">QUE PEUT FAIRE UN SYST\u00c8ME DE CONTR\u00d4LE DE MACHINE 3D POUR MOI ET MON TRAVAIL\u00a0?<\/p><\/div><div id=\"elementor-tab-content-7522\" class=\"eael-accordion-content clearfix\" data-tab=\"2\" aria-labelledby=\"what-can-a-3d-machine-control-system-do-for-me-and-my-job\"><p><em><span>Le syst\u00e8me de contr\u00f4le de machine Unicontrol3D peut augmenter la productivit\u00e9 du travail en r\u00e9duisant le travail suppl\u00e9mentaire d\u00fb \u00e0 des mesures impr\u00e9cises et en garantissant que l'op\u00e9rateur est plus ind\u00e9pendant avec plus de responsabilit\u00e9s. De plus, Unicontrol3D peut vous aider rapidement avec l'assurance qualit\u00e9 avec notre Unicontrol Cloud fourni avec l'ensemble du package.\u00a0<\/span><\/em><\/p><\/div>\n\t\t\t\t\t<\/div><div class=\"eael-accordion-list\">\n\t\t\t\t\t<div id=\"how-long-will-it-take-me-to-learn-the-system\" class=\"elementor-tab-title eael-accordion-header\" tabindex=\"0\" data-tab=\"3\" aria-controls=\"elementor-tab-content-7523\"><span class=\"eael-advanced-accordion-icon-closed\"><i aria-hidden=\"true\" class=\"fa-accordion-icon fas fa-plus\"><\/i><\/span><span class=\"eael-advanced-accordion-icon-opened\"><i aria-hidden=\"true\" class=\"fa-accordion-icon fas fa-minus\"><\/i><\/span><p class=\"eael-accordion-tab-title\">COMBIEN DE TEMPS ME PRENDRA-T-IL POUR APPRENDRE LE SYST\u00c8ME\u00a0?<\/p><\/div><div id=\"elementor-tab-content-7523\" class=\"eael-accordion-content clearfix\" data-tab=\"3\" aria-labelledby=\"how-long-will-it-take-me-to-learn-the-system\"><p><em>Cela vous prendra env. 30 minutes pour se familiariser avec le syst\u00e8me, et vous creuserez en un rien de temps. Nous avons \u00e9galement de l'exp\u00e9rience avec la formation en ligne si vous avez besoin d'aide au fur et \u00e0 mesure.<\/em><\/p><p><em>Consultez notre\u00a0<a href=\"https:\/\/unicontrol.io\/wp-content\/uploads\/2021\/02\/EN-Quick-Guide-DIGITAL.pdf\">Guide Rapide.<\/a><\/em><\/p><\/div>\n\t\t\t\t\t<\/div><\/div>\t\t\t\t<\/div>\n\t\t\t\t<\/div>\n\t\t\t\t\t<\/div>\n\t\t<\/div>\n\t\t\t\t\t<\/div>\n\t\t<\/section>\n\t\t\t\t<\/div>","protected":false},"excerpt":{"rendered":"<p>Frequently Asked Questions WHAT IS A MACHINE CONTROL SYSTEM? 3D machine control is the future in the construction industry.\u00a0 A machine control system is a tool for construction machinery run by a 3D model, ensuring an effective work process by avoiding extra do-overs.\u00a0 The surveyor can make a 3D drawing for machine control with precise [&hellip;]<\/p>\n","protected":false},"author":1,"featured_media":0,"parent":0,"menu_order":0,"comment_status":"closed","ping_status":"closed","template":"","meta":{"footnotes":""},"class_list":["post-292","page","type-page","status-publish","hentry"],"_links":{"self":[{"href":"https:\/\/elationtech.ca\/fr\/wp-json\/wp\/v2\/pages\/292","targetHints":{"allow":["GET"]}}],"collection":[{"href":"https:\/\/elationtech.ca\/fr\/wp-json\/wp\/v2\/pages"}],"about":[{"href":"https:\/\/elationtech.ca\/fr\/wp-json\/wp\/v2\/types\/page"}],"author":[{"embeddable":true,"href":"https:\/\/elationtech.ca\/fr\/wp-json\/wp\/v2\/users\/1"}],"replies":[{"embeddable":true,"href":"https:\/\/elationtech.ca\/fr\/wp-json\/wp\/v2\/comments?post=292"}],"version-history":[{"count":66,"href":"https:\/\/elationtech.ca\/fr\/wp-json\/wp\/v2\/pages\/292\/revisions"}],"predecessor-version":[{"id":3609,"href":"https:\/\/elationtech.ca\/fr\/wp-json\/wp\/v2\/pages\/292\/revisions\/3609"}],"wp:attachment":[{"href":"https:\/\/elationtech.ca\/fr\/wp-json\/wp\/v2\/media?parent=292"}],"curies":[{"name":"wp","href":"https:\/\/api.w.org\/{rel}","templated":true}]}}