{"id":66,"date":"2022-10-17T01:11:14","date_gmt":"2022-10-17T05:11:14","guid":{"rendered":"https:\/\/elationtech.ca\/about\/"},"modified":"2026-01-03T16:35:41","modified_gmt":"2026-01-03T21:35:41","slug":"about-us","status":"publish","type":"page","link":"https:\/\/elationtech.ca\/fr\/about-us\/","title":{"rendered":"\u00c0 Propos"},"content":{"rendered":"<div data-elementor-type=\"wp-page\" data-elementor-id=\"66\" class=\"elementor elementor-66\" data-elementor-post-type=\"page\">\n\t\t\t\t\t\t<section class=\"ob-is-breaking-bad elementor-section elementor-top-section elementor-element elementor-element-9350e48 elementor-section-boxed elementor-section-height-default elementor-section-height-default\" data-id=\"9350e48\" data-element_type=\"section\" data-e-type=\"section\" data-settings=\"{&quot;_ob_bbad_use_it&quot;:&quot;yes&quot;,&quot;_ob_bbad_sssic_use&quot;:&quot;no&quot;,&quot;_ob_glider_is_slider&quot;:&quot;no&quot;}\">\n\t\t\t\t\t\t<div class=\"elementor-container elementor-column-gap-default\">\n\t\t\t\t\t<div class=\"elementor-column elementor-col-100 elementor-top-column elementor-element elementor-element-f523858\" data-id=\"f523858\" data-element_type=\"column\" data-e-type=\"column\" data-settings=\"{&quot;_ob_bbad_is_stalker&quot;:&quot;no&quot;,&quot;_ob_teleporter_use&quot;:false,&quot;_ob_column_hoveranimator&quot;:&quot;no&quot;,&quot;_ob_column_has_pseudo&quot;:&quot;no&quot;}\">\n\t\t\t<div class=\"elementor-widget-wrap elementor-element-populated\">\n\t\t\t\t\t\t<div class=\"elementor-element elementor-element-a036214 ob-has-background-overlay elementor-widget elementor-widget-image\" data-id=\"a036214\" data-element_type=\"widget\" data-e-type=\"widget\" data-settings=\"{&quot;_ob_photomorph_use&quot;:&quot;no&quot;,&quot;_ob_perspektive_use&quot;:&quot;no&quot;,&quot;_ob_poopart_use&quot;:&quot;yes&quot;,&quot;_ob_shadough_use&quot;:&quot;no&quot;,&quot;_ob_allow_hoveranimator&quot;:&quot;no&quot;,&quot;_ob_widget_stalker_use&quot;:&quot;no&quot;}\" data-widget_type=\"image.default\">\n\t\t\t\t<div class=\"elementor-widget-container\">\n\t\t\t\t\t\t\t\t\t\t\t\t\t\t\t<img loading=\"lazy\" decoding=\"async\" width=\"455\" height=\"82\" src=\"https:\/\/elationtech.ca\/wp-content\/uploads\/2022\/12\/Frame-1logo-1.png\" class=\"attachment-large size-large wp-image-886\" alt=\"\" srcset=\"https:\/\/elationtech.ca\/wp-content\/uploads\/2022\/12\/Frame-1logo-1.png 455w, https:\/\/elationtech.ca\/wp-content\/uploads\/2022\/12\/Frame-1logo-1-416x75.png 416w, https:\/\/elationtech.ca\/wp-content\/uploads\/2022\/12\/Frame-1logo-1-300x54.png 300w, https:\/\/elationtech.ca\/wp-content\/uploads\/2022\/12\/Frame-1logo-1-18x3.png 18w\" sizes=\"auto, (max-width: 455px) 100vw, 455px\" \/>\t\t\t\t\t\t\t\t\t\t\t\t\t\t\t<\/div>\n\t\t\t\t<\/div>\n\t\t\t\t<div class=\"elementor-element elementor-element-964e86d ob-harakiri-inherit ob-has-background-overlay elementor-widget elementor-widget-text-editor\" data-id=\"964e86d\" data-element_type=\"widget\" data-e-type=\"widget\" data-settings=\"{&quot;_ob_use_harakiri&quot;:&quot;yes&quot;,&quot;_ob_harakiri_writing_mode&quot;:&quot;inherit&quot;,&quot;_ob_postman_use&quot;:&quot;no&quot;,&quot;_ob_perspektive_use&quot;:&quot;no&quot;,&quot;_ob_poopart_use&quot;:&quot;yes&quot;,&quot;_ob_shadough_use&quot;:&quot;no&quot;,&quot;_ob_allow_hoveranimator&quot;:&quot;no&quot;,&quot;_ob_widget_stalker_use&quot;:&quot;no&quot;}\" data-widget_type=\"text-editor.default\">\n\t\t\t\t<div class=\"elementor-widget-container\">\n\t\t\t\t\t\t\t\t\t<p>Elation-Tech est votre partenaire technologique en mati\u00e8re d'excavation depuis 2020<br>With over a decade of industry experience , we pride ourselves on being the Canadian supplier of advanced quality European machine control brands like Makin, Geomax-Positioning &amp; iDig 2 and 3D grade control systems and TPS and GNSS layout applications<\/p>\t\t\t\t\t\t\t\t<\/div>\n\t\t\t\t<\/div>\n\t\t\t\t\t<\/div>\n\t\t<\/div>\n\t\t\t\t\t<\/div>\n\t\t<\/section>\n\t\t\t\t<section class=\"ob-is-breaking-bad elementor-section elementor-top-section elementor-element elementor-element-a5dd72d elementor-section-boxed elementor-section-height-default elementor-section-height-default\" data-id=\"a5dd72d\" data-element_type=\"section\" data-e-type=\"section\" data-settings=\"{&quot;_ob_bbad_use_it&quot;:&quot;yes&quot;,&quot;_ob_bbad_sssic_use&quot;:&quot;no&quot;,&quot;_ob_glider_is_slider&quot;:&quot;no&quot;}\">\n\t\t\t\t\t\t<div class=\"elementor-container elementor-column-gap-default\">\n\t\t\t\t\t<div class=\"elementor-column elementor-col-100 elementor-top-column elementor-element elementor-element-78211d3\" data-id=\"78211d3\" data-element_type=\"column\" data-e-type=\"column\" data-settings=\"{&quot;_ob_bbad_is_stalker&quot;:&quot;no&quot;,&quot;_ob_teleporter_use&quot;:false,&quot;_ob_column_hoveranimator&quot;:&quot;no&quot;,&quot;_ob_column_has_pseudo&quot;:&quot;no&quot;}\">\n\t\t\t<div class=\"elementor-widget-wrap elementor-element-populated\">\n\t\t\t\t\t\t<div class=\"elementor-element elementor-element-d680196 ob-harakiri-inherit ob-has-background-overlay elementor-widget elementor-widget-heading\" data-id=\"d680196\" data-element_type=\"widget\" data-e-type=\"widget\" data-settings=\"{&quot;_ob_use_harakiri&quot;:&quot;yes&quot;,&quot;_ob_harakiri_writing_mode&quot;:&quot;inherit&quot;,&quot;_ob_harakiri_text_clip&quot;:&quot;none&quot;,&quot;_ob_perspektive_use&quot;:&quot;no&quot;,&quot;_ob_poopart_use&quot;:&quot;yes&quot;,&quot;_ob_shadough_use&quot;:&quot;no&quot;,&quot;_ob_allow_hoveranimator&quot;:&quot;no&quot;,&quot;_ob_widget_stalker_use&quot;:&quot;no&quot;}\" data-widget_type=\"heading.default\">\n\t\t\t\t<div class=\"elementor-widget-container\">\n\t\t\t\t\t<h2 class=\"elementor-heading-title elementor-size-default\">Bienvenue \u00e0 Elation-Tech en tant que distributeur d'Unicontrol3D !<\/h2>\t\t\t\t<\/div>\n\t\t\t\t<\/div>\n\t\t\t\t<section class=\"ob-is-breaking-bad ob-bb-inner elementor-section elementor-inner-section elementor-element elementor-element-2ddeb13 elementor-section-boxed elementor-section-height-default elementor-section-height-default\" data-id=\"2ddeb13\" data-element_type=\"section\" data-e-type=\"section\" data-settings=\"{&quot;_ob_bbad_use_it&quot;:&quot;yes&quot;,&quot;_ob_bbad_sssic_use&quot;:&quot;no&quot;,&quot;_ob_glider_is_slider&quot;:&quot;no&quot;}\">\n\t\t\t\t\t\t<div class=\"elementor-container elementor-column-gap-default\">\n\t\t\t\t\t<div class=\"elementor-column elementor-col-100 elementor-inner-column elementor-element elementor-element-a6d02db\" data-id=\"a6d02db\" data-element_type=\"column\" data-e-type=\"column\" data-settings=\"{&quot;_ob_bbad_is_stalker&quot;:&quot;no&quot;,&quot;_ob_teleporter_use&quot;:false,&quot;_ob_column_hoveranimator&quot;:&quot;no&quot;,&quot;_ob_column_has_pseudo&quot;:&quot;no&quot;}\">\n\t\t\t<div class=\"elementor-widget-wrap elementor-element-populated\">\n\t\t\t\t\t\t<div class=\"elementor-element elementor-element-021248a ob-has-background-overlay elementor-widget elementor-widget-html\" data-id=\"021248a\" data-element_type=\"widget\" data-e-type=\"widget\" data-settings=\"{&quot;_ob_perspektive_use&quot;:&quot;no&quot;,&quot;_ob_poopart_use&quot;:&quot;yes&quot;,&quot;_ob_shadough_use&quot;:&quot;no&quot;,&quot;_ob_allow_hoveranimator&quot;:&quot;no&quot;,&quot;_ob_widget_stalker_use&quot;:&quot;no&quot;}\" data-widget_type=\"html.default\">\n\t\t\t\t<div class=\"elementor-widget-container\">\n\t\t\t\t\t<iframe loading=\"lazy\" src=\"https:\/\/www.linkedin.com\/embed\/feed\/update\/urn:li:share:7039566612722544640\" height=\"680\" width=\"504\" frameborder=\"0\" allowfullscreen=\"\" title=\"Embedded post\"><\/iframe>\t\t\t\t<\/div>\n\t\t\t\t<\/div>\n\t\t\t\t\t<\/div>\n\t\t<\/div>\n\t\t\t\t\t<\/div>\n\t\t<\/section>\n\t\t\t\t\t<\/div>\n\t\t<\/div>\n\t\t\t\t\t<\/div>\n\t\t<\/section>\n\t\t\t\t<section class=\"ob-is-breaking-bad elementor-section elementor-top-section elementor-element elementor-element-7a59cfb elementor-section-boxed elementor-section-height-default elementor-section-height-default\" data-id=\"7a59cfb\" data-element_type=\"section\" data-e-type=\"section\" data-settings=\"{&quot;_ob_bbad_use_it&quot;:&quot;yes&quot;,&quot;_ob_bbad_sssic_use&quot;:&quot;no&quot;,&quot;_ob_glider_is_slider&quot;:&quot;no&quot;}\">\n\t\t\t\t\t\t<div class=\"elementor-container elementor-column-gap-default\">\n\t\t\t\t\t<div class=\"elementor-column elementor-col-100 elementor-top-column elementor-element elementor-element-3f04bb7\" data-id=\"3f04bb7\" data-element_type=\"column\" data-e-type=\"column\" data-settings=\"{&quot;_ob_bbad_is_stalker&quot;:&quot;no&quot;,&quot;_ob_teleporter_use&quot;:false,&quot;_ob_column_hoveranimator&quot;:&quot;no&quot;,&quot;_ob_column_has_pseudo&quot;:&quot;no&quot;}\">\n\t\t\t<div class=\"elementor-widget-wrap elementor-element-populated\">\n\t\t\t\t\t\t<div class=\"elementor-element elementor-element-c2a6403 ob-harakiri-inherit ob-has-background-overlay elementor-widget elementor-widget-heading\" data-id=\"c2a6403\" data-element_type=\"widget\" data-e-type=\"widget\" data-settings=\"{&quot;_ob_use_harakiri&quot;:&quot;yes&quot;,&quot;_ob_harakiri_writing_mode&quot;:&quot;inherit&quot;,&quot;_ob_harakiri_text_clip&quot;:&quot;none&quot;,&quot;_ob_perspektive_use&quot;:&quot;no&quot;,&quot;_ob_poopart_use&quot;:&quot;yes&quot;,&quot;_ob_shadough_use&quot;:&quot;no&quot;,&quot;_ob_allow_hoveranimator&quot;:&quot;no&quot;,&quot;_ob_widget_stalker_use&quot;:&quot;no&quot;}\" data-widget_type=\"heading.default\">\n\t\t\t\t<div class=\"elementor-widget-container\">\n\t\t\t\t\t<h2 class=\"elementor-heading-title elementor-size-default\">Unicontrol pr\u00e9sente un nouveau syst\u00e8me de contr\u00f4le de la pente pour les bouteurs\n<\/h2>\t\t\t\t<\/div>\n\t\t\t\t<\/div>\n\t\t\t\t<div class=\"elementor-element elementor-element-4539565 ob-has-background-overlay elementor-widget elementor-widget-image\" data-id=\"4539565\" data-element_type=\"widget\" data-e-type=\"widget\" data-settings=\"{&quot;_ob_photomorph_use&quot;:&quot;no&quot;,&quot;_ob_perspektive_use&quot;:&quot;no&quot;,&quot;_ob_poopart_use&quot;:&quot;yes&quot;,&quot;_ob_shadough_use&quot;:&quot;no&quot;,&quot;_ob_allow_hoveranimator&quot;:&quot;no&quot;,&quot;_ob_widget_stalker_use&quot;:&quot;no&quot;}\" data-widget_type=\"image.default\">\n\t\t\t\t<div class=\"elementor-widget-container\">\n\t\t\t\t\t\t\t\t\t\t\t\t\t\t\t\t<a href=\"https:\/\/www-equipmentjournal-com.cdn.ampproject.org\/c\/s\/www.equipmentjournal.com\/tech-news\/unicontrol-debuts-new-grade-control-for-dozers\/amp\/\" target=\"_blank\">\n\t\t\t\t\t\t\t<img loading=\"lazy\" decoding=\"async\" width=\"768\" height=\"513\" src=\"https:\/\/elationtech.ca\/wp-content\/uploads\/2024\/03\/unicontrol-768x513-1.jpg\" class=\"attachment-full size-full wp-image-1194\" alt=\"\" srcset=\"https:\/\/elationtech.ca\/wp-content\/uploads\/2024\/03\/unicontrol-768x513-1.jpg 768w, https:\/\/elationtech.ca\/wp-content\/uploads\/2024\/03\/unicontrol-768x513-1-600x401.jpg 600w, https:\/\/elationtech.ca\/wp-content\/uploads\/2024\/03\/unicontrol-768x513-1-300x200.jpg 300w, https:\/\/elationtech.ca\/wp-content\/uploads\/2024\/03\/unicontrol-768x513-1-18x12.jpg 18w\" sizes=\"auto, (max-width: 768px) 100vw, 768px\" \/>\t\t\t\t\t\t\t\t<\/a>\n\t\t\t\t\t\t\t\t\t\t\t\t\t\t\t<\/div>\n\t\t\t\t<\/div>\n\t\t\t\t<div class=\"elementor-element elementor-element-82875f9 ob-harakiri-inherit ob-has-background-overlay elementor-widget elementor-widget-text-editor\" data-id=\"82875f9\" data-element_type=\"widget\" data-e-type=\"widget\" data-settings=\"{&quot;_ob_use_harakiri&quot;:&quot;yes&quot;,&quot;_ob_harakiri_writing_mode&quot;:&quot;inherit&quot;,&quot;_ob_postman_use&quot;:&quot;no&quot;,&quot;_ob_perspektive_use&quot;:&quot;no&quot;,&quot;_ob_poopart_use&quot;:&quot;yes&quot;,&quot;_ob_shadough_use&quot;:&quot;no&quot;,&quot;_ob_allow_hoveranimator&quot;:&quot;no&quot;,&quot;_ob_widget_stalker_use&quot;:&quot;no&quot;}\" data-widget_type=\"text-editor.default\">\n\t\t\t\t<div class=\"elementor-widget-container\">\n\t\t\t\t\t\t\t\t\t<p>La solution Automatic Grading Control d'Unicontrol est con\u00e7ue pour simplifier le classement pour les utilisateurs existants et nouveaux d'Unicontrol. D\u00e9velopp\u00e9e en r\u00e9ponse \u00e0 une demande mondiale, cette solution a re\u00e7u des r\u00e9actions positives de la part des op\u00e9rateurs de machines tout au long de sa phase de test.\u00a0<\/p><p>\u00ab Chez Unicontrol, notre volont\u00e9 de simplifier le contr\u00f4le des machines pour les op\u00e9rateurs du monde entier est \u00e9vidente dans notre engagement en faveur de l'innovation \u00bb, a d\u00e9clar\u00e9 Kasper Hartvig, cofondateur et chef de produit chez Unicontrol.\u00a0<a href=\"https:\/\/www.equipmentjournal.com\/tech-news\/user-friendly-unicontrol-is-now-available-in-canada\/\" target=\"_top\">Unicontrol.<\/a>\u00a0\u00ab Le syst\u00e8me de contr\u00f4le automatique du nivellement t\u00e9moigne de cet engagement en simplifiant le fonctionnement des bulldozers. Nos efforts de d\u00e9veloppement sont \u00e9troitement li\u00e9s aux d\u00e9fis du monde r\u00e9el sur les chantiers de construction, o\u00f9 le syst\u00e8me Automatic Grading Control r\u00e9pond directement \u00e0 la demande mondiale d'une solution qui simplifie l'obtention d'un fonctionnement pr\u00e9cis du bulldozer. \u00bb<\/p>\t\t\t\t\t\t\t\t<\/div>\n\t\t\t\t<\/div>\n\t\t\t\t\t<\/div>\n\t\t<\/div>\n\t\t\t\t\t<\/div>\n\t\t<\/section>\n\t\t\t\t<section class=\"ob-is-breaking-bad elementor-section elementor-top-section elementor-element elementor-element-059ffc0 elementor-section-boxed elementor-section-height-default elementor-section-height-default\" data-id=\"059ffc0\" data-element_type=\"section\" data-e-type=\"section\" data-settings=\"{&quot;_ob_bbad_use_it&quot;:&quot;yes&quot;,&quot;_ob_bbad_sssic_use&quot;:&quot;no&quot;,&quot;_ob_glider_is_slider&quot;:&quot;no&quot;}\">\n\t\t\t\t\t\t<div class=\"elementor-container elementor-column-gap-default\">\n\t\t\t\t\t<div class=\"elementor-column elementor-col-100 elementor-top-column elementor-element elementor-element-0e2dc14\" data-id=\"0e2dc14\" data-element_type=\"column\" data-e-type=\"column\" data-settings=\"{&quot;_ob_bbad_is_stalker&quot;:&quot;no&quot;,&quot;_ob_teleporter_use&quot;:false,&quot;_ob_column_hoveranimator&quot;:&quot;no&quot;,&quot;_ob_column_has_pseudo&quot;:&quot;no&quot;}\">\n\t\t\t<div class=\"elementor-widget-wrap elementor-element-populated\">\n\t\t\t\t\t\t<div class=\"elementor-element elementor-element-7f71d6e ob-harakiri-inherit ob-has-background-overlay elementor-widget elementor-widget-heading\" data-id=\"7f71d6e\" data-element_type=\"widget\" data-e-type=\"widget\" data-settings=\"{&quot;_ob_use_harakiri&quot;:&quot;yes&quot;,&quot;_ob_harakiri_writing_mode&quot;:&quot;inherit&quot;,&quot;_ob_harakiri_text_clip&quot;:&quot;none&quot;,&quot;_ob_perspektive_use&quot;:&quot;no&quot;,&quot;_ob_poopart_use&quot;:&quot;yes&quot;,&quot;_ob_shadough_use&quot;:&quot;no&quot;,&quot;_ob_allow_hoveranimator&quot;:&quot;no&quot;,&quot;_ob_widget_stalker_use&quot;:&quot;no&quot;}\" data-widget_type=\"heading.default\">\n\t\t\t\t<div class=\"elementor-widget-container\">\n\t\t\t\t\t<h2 class=\"elementor-heading-title elementor-size-default\">Le syst\u00e8me convivial Unicontrol est d\u00e9sormais disponible au Canada<\/h2>\t\t\t\t<\/div>\n\t\t\t\t<\/div>\n\t\t\t\t<div class=\"elementor-element elementor-element-fa0e9b1 ob-has-background-overlay elementor-widget elementor-widget-image\" data-id=\"fa0e9b1\" data-element_type=\"widget\" data-e-type=\"widget\" data-settings=\"{&quot;_ob_photomorph_use&quot;:&quot;no&quot;,&quot;_ob_perspektive_use&quot;:&quot;no&quot;,&quot;_ob_poopart_use&quot;:&quot;yes&quot;,&quot;_ob_shadough_use&quot;:&quot;no&quot;,&quot;_ob_allow_hoveranimator&quot;:&quot;no&quot;,&quot;_ob_widget_stalker_use&quot;:&quot;no&quot;}\" data-widget_type=\"image.default\">\n\t\t\t\t<div class=\"elementor-widget-container\">\n\t\t\t\t\t\t\t\t\t\t\t\t\t\t\t\t<a href=\"https:\/\/www-equipmentjournal-com.cdn.ampproject.org\/c\/s\/www.equipmentjournal.com\/tech-news\/unicontrol-debuts-new-grade-control-for-dozers\/amp\/\" target=\"_blank\">\n\t\t\t\t\t\t\t<img loading=\"lazy\" decoding=\"async\" width=\"1397\" height=\"1080\" src=\"https:\/\/elationtech.ca\/wp-content\/uploads\/2024\/03\/unicontrol-scaled-1.jpeg\" class=\"attachment-full size-full wp-image-1195\" alt=\"\" srcset=\"https:\/\/elationtech.ca\/wp-content\/uploads\/2024\/03\/unicontrol-scaled-1.jpeg 1397w, https:\/\/elationtech.ca\/wp-content\/uploads\/2024\/03\/unicontrol-scaled-1-600x464.jpeg 600w, https:\/\/elationtech.ca\/wp-content\/uploads\/2024\/03\/unicontrol-scaled-1-300x232.jpeg 300w, https:\/\/elationtech.ca\/wp-content\/uploads\/2024\/03\/unicontrol-scaled-1-1024x792.jpeg 1024w, https:\/\/elationtech.ca\/wp-content\/uploads\/2024\/03\/unicontrol-scaled-1-768x594.jpeg 768w, https:\/\/elationtech.ca\/wp-content\/uploads\/2024\/03\/unicontrol-scaled-1-16x12.jpeg 16w\" sizes=\"auto, (max-width: 1397px) 100vw, 1397px\" \/>\t\t\t\t\t\t\t\t<\/a>\n\t\t\t\t\t\t\t\t\t\t\t\t\t\t\t<\/div>\n\t\t\t\t<\/div>\n\t\t\t\t<div class=\"elementor-element elementor-element-dbbbf7e ob-harakiri-inherit ob-has-background-overlay elementor-widget elementor-widget-text-editor\" data-id=\"dbbbf7e\" data-element_type=\"widget\" data-e-type=\"widget\" data-settings=\"{&quot;_ob_use_harakiri&quot;:&quot;yes&quot;,&quot;_ob_harakiri_writing_mode&quot;:&quot;inherit&quot;,&quot;_ob_postman_use&quot;:&quot;no&quot;,&quot;_ob_perspektive_use&quot;:&quot;no&quot;,&quot;_ob_poopart_use&quot;:&quot;yes&quot;,&quot;_ob_shadough_use&quot;:&quot;no&quot;,&quot;_ob_allow_hoveranimator&quot;:&quot;no&quot;,&quot;_ob_widget_stalker_use&quot;:&quot;no&quot;}\" data-widget_type=\"text-editor.default\">\n\t\t\t\t<div class=\"elementor-widget-container\">\n\t\t\t\t\t\t\t\t\t<h5 id=\"h-by-lori-lovely\" class=\"wp-block-heading\"><br><\/h5>\n<div id=\"prefix-cdc0be32b32a7a038751e8d610518be3\" class=\"prefix-cdc0be32b32a7a038751e8d610518be3 prefix-ad-block-content\">\n<div id=\"prefix-533787781\" class=\"prefix-ad-block-content\">\n<div id=\"prefix-380506629\" class=\"prefix-target\" data-prefix-trackid=\"29600\" data-prefix-trackbid=\"1\"><span style=\"letter-spacing: 0px; background-color: var( --e-global-color-7009fea );\">Fond\u00e9e en 2020, Elation-Tech est un distributeur de marques europ\u00e9ennes de contr\u00f4le de machines, notamment Unicontrol, Geomax et anciennement iDig.<\/span><\/div>\n<\/div>\n<\/div>\n<p>Founded in 2020, Elation-Tech is a distributor of European machine control brands, including Unicontrol, Geomax and formerly iDig.&nbsp;<a href=\"https:\/\/elationtech.ca\/fr\/\" target=\"_blank\" rel=\"noreferrer noopener\">Elation-Tech Inc<\/a>.&nbsp;<\/p>\n<p>Il a ajout\u00e9 qu'Unicontrol est compatible avec toutes les marques d'\u00e9quipements lourds sur des machines de 5 \u00e0 50 tonnes.<\/p>\n<div class=\"td-g-rec td-g-rec-id-content_inlineleft tdi_2 td_block_template_1\">&nbsp;<\/div>\n<p>Le syst\u00e8me est id\u00e9al pour les infrastructures de drainage et d'\u00e9gouts, ainsi que pour la conception de terrains de golf, le creusement de semelles et de fondations, la pr\u00e9paration du site et le nivellement.<\/p>\n<p>\u00ab Cela en fait un outil id\u00e9al pour les travaux ne laissant que peu ou pas de place \u00e0 l'erreur \u00bb, a d\u00e9clar\u00e9 M. Brown.&nbsp;<\/p>\n<p>Fid\u00e8le \u00e0 sa devise \u00ab le contr\u00f4le des machines en toute simplicit\u00e9 \u00bb, Unicontrol est convivial et permet \u00e0 l'op\u00e9rateur de t\u00e9l\u00e9charger des plans de conception et de cr\u00e9er des conceptions sur place, dans la cabine, avec des mises \u00e0 jour en temps r\u00e9el.&nbsp;<\/p>\t\t\t\t\t\t\t\t<\/div>\n\t\t\t\t<\/div>\n\t\t\t\t\t<\/div>\n\t\t<\/div>\n\t\t\t\t\t<\/div>\n\t\t<\/section>\n\t\t\t\t<\/div>","protected":false},"excerpt":{"rendered":"<p>Elation-Tech is your excavation technology partner since 2020With over a decade of industry experience , we pride ourselves on being the Canadian supplier of advanced quality European machine control brands like Makin, Geomax-Positioning &amp; iDig 2 and 3D grade control systems and TPS and GNSS layout applications welcome to Elation-Tech as a Unicontrol3D distributor! Unicontrol [&hellip;]<\/p>\n","protected":false},"author":1,"featured_media":0,"parent":0,"menu_order":0,"comment_status":"closed","ping_status":"closed","template":"","meta":{"footnotes":""},"class_list":["post-66","page","type-page","status-publish","hentry"],"_links":{"self":[{"href":"https:\/\/elationtech.ca\/fr\/wp-json\/wp\/v2\/pages\/66","targetHints":{"allow":["GET"]}}],"collection":[{"href":"https:\/\/elationtech.ca\/fr\/wp-json\/wp\/v2\/pages"}],"about":[{"href":"https:\/\/elationtech.ca\/fr\/wp-json\/wp\/v2\/types\/page"}],"author":[{"embeddable":true,"href":"https:\/\/elationtech.ca\/fr\/wp-json\/wp\/v2\/users\/1"}],"replies":[{"embeddable":true,"href":"https:\/\/elationtech.ca\/fr\/wp-json\/wp\/v2\/comments?post=66"}],"version-history":[{"count":30,"href":"https:\/\/elationtech.ca\/fr\/wp-json\/wp\/v2\/pages\/66\/revisions"}],"predecessor-version":[{"id":3667,"href":"https:\/\/elationtech.ca\/fr\/wp-json\/wp\/v2\/pages\/66\/revisions\/3667"}],"wp:attachment":[{"href":"https:\/\/elationtech.ca\/fr\/wp-json\/wp\/v2\/media?parent=66"}],"curies":[{"name":"wp","href":"https:\/\/api.w.org\/{rel}","templated":true}]}}