{"id":1415,"date":"2024-03-22T17:40:53","date_gmt":"2024-03-22T21:40:53","guid":{"rendered":"https:\/\/elationtech.ca\/?post_type=product&#038;p=1415"},"modified":"2024-06-02T12:18:35","modified_gmt":"2024-06-02T16:18:35","slug":"futura-lt800","status":"publish","type":"product","link":"https:\/\/elationtech.ca\/fr\/produit\/futura-lt800\/","title":{"rendered":"Lt800"},"content":{"rendered":"<div class=\"elementor-element elementor-element-2f3e9f75 elementor-widget elementor-widget-woocommerce-product-short-description\" style=\"text-align: center\" data-id=\"2f3e9f75\" data-element_type=\"widget\" data-widget_type=\"woocommerce-product-short-description.default\">\n<table>\n<tbody>\n<tr>\n<th>English<\/th>\n<th>Fran\u00e7ais<\/th>\n<\/tr>\n<tr>\n<td>The Futtura <em>LT-800<\/em> has a host of World-Leading features at an unbeatable price; it\u2019s the perfect general construction laser for any contractor\u2019s needs. Once you see the <em>LT-800<\/em> for yourself, you\u2019ll know right away it\u2019s the best value in general construction lasers today. With impressive technology and an affordable price, you\u2019ll definitely want to put it to work for you!<\/td>\n<td>Le Futtura <em>LT-800<\/em> poss\u00e8de une multitude de fonctionnalit\u00e9s de pointe \u00e0 un prix imbattable\u00a0; c&#8217;est le laser de construction g\u00e9n\u00e9rale parfait pour les besoins de tout entrepreneur. Une fois que vous aurez vu le <em>LT-800<\/em> par vous-m\u00eame, vous saurez tout de suite qu&#8217;il s&#8217;agit du meilleur rapport qualit\u00e9-prix parmi les lasers de construction g\u00e9n\u00e9rale \u00e0 l&#8217;heure actuelle. Avec une technologie impressionnante et un prix abordable, vous aurez certainement envie de la mettre \u00e0 votre service\u00a0!<\/td>\n<\/tr>\n<\/tbody>\n<\/table>\n<\/div>\n<div class=\"elementor-element elementor-element-7ca9bb05 elementor-add-to-cart--align-left elementor-widget__width-inherit e-add-to-cart--show-quantity-yes elementor-widget elementor-widget-woocommerce-product-add-to-cart\" style=\"text-align: center\" data-id=\"7ca9bb05\" data-element_type=\"widget\" data-widget_type=\"woocommerce-product-add-to-cart.default\">\n<div class=\"elementor-widget-container\"><\/div>\n<\/div>\n<div class=\"elementor-element elementor-element-d827333 dc-has-condition dc-condition-not_empty e-flex e-con-boxed e-con e-child\" data-id=\"d827333\" data-element_type=\"container\">\n<div class=\"e-con-inner\">\n<div class=\"elementor-element elementor-element-3c4dc092 dc-has-condition dc-condition-not_empty elementor-widget elementor-widget-button\" data-id=\"3c4dc092\" data-element_type=\"widget\" data-widget_type=\"button.default\">\n<div class=\"elementor-widget-container\">\n<h4 class=\"elementor-button-wrapper\" style=\"text-align: center\"><a href=\"https:\/\/elationtech.ca\/wp-content\/uploads\/2024\/04\/LT-800-Brochure-ElationTech.pdf\">LT-800 Brochure ElationTech<\/a><\/h4>\n<\/div>\n<\/div>\n<\/div>\n<\/div>","protected":false},"excerpt":{"rendered":"<p>Once you see the\u00a0<em>LT-800<\/em>\u00a0for yourself, you\u2019ll know right away it\u2019s the best value in general construction lasers today.<\/p>","protected":false},"featured_media":1416,"template":"","meta":[],"product_brand":[],"product_cat":[44],"product_tag":[],"class_list":{"0":"post-1415","1":"product","2":"type-product","3":"status-publish","4":"has-post-thumbnail","6":"product_cat-futtura","8":"first","9":"instock","10":"taxable","11":"shipping-taxable","12":"product-type-simple"},"_links":{"self":[{"href":"https:\/\/elationtech.ca\/fr\/wp-json\/wp\/v2\/product\/1415","targetHints":{"allow":["GET"]}}],"collection":[{"href":"https:\/\/elationtech.ca\/fr\/wp-json\/wp\/v2\/product"}],"about":[{"href":"https:\/\/elationtech.ca\/fr\/wp-json\/wp\/v2\/types\/product"}],"wp:featuredmedia":[{"embeddable":true,"href":"https:\/\/elationtech.ca\/fr\/wp-json\/wp\/v2\/media\/1416"}],"wp:attachment":[{"href":"https:\/\/elationtech.ca\/fr\/wp-json\/wp\/v2\/media?parent=1415"}],"wp:term":[{"taxonomy":"product_brand","embeddable":true,"href":"https:\/\/elationtech.ca\/fr\/wp-json\/wp\/v2\/product_brand?post=1415"},{"taxonomy":"product_cat","embeddable":true,"href":"https:\/\/elationtech.ca\/fr\/wp-json\/wp\/v2\/product_cat?post=1415"},{"taxonomy":"product_tag","embeddable":true,"href":"https:\/\/elationtech.ca\/fr\/wp-json\/wp\/v2\/product_tag?post=1415"}],"curies":[{"name":"wp","href":"https:\/\/api.w.org\/{rel}","templated":true}]}}